{"id":44,"date":"2020-10-15T08:19:56","date_gmt":"2020-10-15T06:19:56","guid":{"rendered":"https:\/\/procesal-ods-ia.umh.es\/?page_id=44"},"modified":"2021-06-29T12:34:03","modified_gmt":"2021-06-29T10:34:03","slug":"socio-local","status":"publish","type":"page","link":"https:\/\/procesal-ods-ia.umh.es\/en\/socio-local\/","title":{"rendered":"Socio local"},"content":{"rendered":"<p>El proyecto \u201cEstudio comparado de modelos procesales desde la perspectiva de los ODS. Una mirada a la inteligencia artificial\u201d cuenta como instituci\u00f3n aliada la Pontifica Universidad Cat\u00f3lica del Per\u00fa. <\/p>\n<p>Este socio aporta conocimientos e infraestructura para el desarrollo de actividades comunes en la investigaci\u00f3n de mecanismos legales para que los conflictos encuentren una soluci\u00f3n justa y adecuada, con necesaria atenci\u00f3n a las particularidades de los colectivos afectados o de la sociedad en la que se producen y avanzar, as\u00ed, hacia regulaciones m\u00e1s eficientes y transparentes para crear  instituciones judiciales m\u00e1s independientes, justas, sostenibles y solventes que corrijan las desigualdades de los colectivos m\u00e1s desfavorecidos.<br \/>\n<img loading=\"lazy\" src=\"https:\/\/procesal-ods-ia.umh.es\/files\/2020\/10\/logo-PUCP-300x88.png\" alt=\"\" width=\"300\" height=\"88\" class=\"alignnone size-medium wp-image-56\" srcset=\"https:\/\/procesal-ods-ia.umh.es\/files\/2020\/10\/logo-PUCP-300x88.png 300w, https:\/\/procesal-ods-ia.umh.es\/files\/2020\/10\/logo-PUCP.png 414w\" sizes=\"(max-width: 300px) 100vw, 300px\" \/><\/p>\n","protected":false},"excerpt":{"rendered":"<p>El proyecto \u201cEstudio comparado de modelos procesales desde la perspectiva de los ODS. Una mirada a la inteligencia artificial\u201d cuenta como instituci\u00f3n aliada la Pontifica Universidad Cat\u00f3lica del Per\u00fa.<br \/>\nEste socio aporta conocimientos e infraestructura para el desarrollo de actividades comunes en la investigaci\u00f3n de mecanismos legales para que los conflictos encuentren una soluci\u00f3n justa [&#8230;]<\/p>\n","protected":false},"author":3350,"featured_media":0,"parent":0,"menu_order":70,"comment_status":"closed","ping_status":"closed","template":"","meta":{"_links_to":"","_links_to_target":""},"_links":{"self":[{"href":"https:\/\/procesal-ods-ia.umh.es\/en\/wp-json\/wp\/v2\/pages\/44"}],"collection":[{"href":"https:\/\/procesal-ods-ia.umh.es\/en\/wp-json\/wp\/v2\/pages"}],"about":[{"href":"https:\/\/procesal-ods-ia.umh.es\/en\/wp-json\/wp\/v2\/types\/page"}],"author":[{"embeddable":true,"href":"https:\/\/procesal-ods-ia.umh.es\/en\/wp-json\/wp\/v2\/users\/3350"}],"replies":[{"embeddable":true,"href":"https:\/\/procesal-ods-ia.umh.es\/en\/wp-json\/wp\/v2\/comments?post=44"}],"version-history":[{"count":0,"href":"https:\/\/procesal-ods-ia.umh.es\/en\/wp-json\/wp\/v2\/pages\/44\/revisions"}],"wp:attachment":[{"href":"https:\/\/procesal-ods-ia.umh.es\/en\/wp-json\/wp\/v2\/media?parent=44"}],"curies":[{"name":"wp","href":"https:\/\/api.w.org\/{rel}","templated":true}]}}