{"id":8,"date":"2020-10-14T06:51:07","date_gmt":"2020-10-14T04:51:07","guid":{"rendered":"http:\/\/procesal-ods-ia.zeus.umh.es\/presentacion\/"},"modified":"2021-06-29T12:33:30","modified_gmt":"2021-06-29T10:33:30","slug":"presentacion","status":"publish","type":"page","link":"https:\/\/procesal-ods-ia.umh.es\/en\/presentacion\/","title":{"rendered":"Informaci\u00f3n"},"content":{"rendered":"<p><img loading=\"lazy\" src=\"https:\/\/procesal-ods-ia.umh.es\/files\/2020\/10\/ods-16-con-colores-300x119.png\" alt=\"\" width=\"300\" height=\"119\" class=\"alignnone size-medium wp-image-47\" srcset=\"https:\/\/procesal-ods-ia.umh.es\/files\/2020\/10\/ods-16-con-colores-300x119.png 300w, https:\/\/procesal-ods-ia.umh.es\/files\/2020\/10\/ods-16-con-colores.png 356w\" sizes=\"(max-width: 300px) 100vw, 300px\" \/><br \/>\nEl proyecto \u201cEstudio comparado de modelos procesales desde la perspectiva de los ODS. Una mirada a la inteligencia artificial\u201d ha sido concedido en el marco del proyectos de investigaci\u00f3n de car\u00e1cter internacional para la consecuci\u00f3n de los Objetivos de Desarrollo Sostenible de la agenda 2030 de las Naciones Unidas (convenio UMH-GVA 2019) y cuenta con el apoyo financiero de la Generalitat Valenciana.<br \/>\nEste proyecto de investigaci\u00f3n pretende analizar la organizaci\u00f3n judicial de diversos pa\u00edses para examinar tanto sus fortalezas, cuanto sus debilidades, desde el punto de vista del cumplimiento de los Objetivos de Desarrollo Sostenible.<br \/>\nLas asimetr\u00edas que puedan darse por los tribunales a los justiciables por raz\u00f3n de su g\u00e9nero, de su origen, de su situaci\u00f3n econ\u00f3mica o de otra condici\u00f3n deben servir a la correcci\u00f3n de las desigualdades sociales existentes para garantizar un tratamiento justo de los asuntos de los que conozcan. En este contexto, surge tambi\u00e9n la necesidad de analizar los sistemas de Inteligencia Artificial en la Administraci\u00f3n de Justicia y de los riesgos de segregaci\u00f3n derivados de sustituir la labor interpretativa judicial en la predicci\u00f3n de soluciones cuando el algoritmo decisorio est\u00e1 oculto e introduce variables discriminatorias.<br \/>\nEn definitiva, el proyecto \u201cEstudio comparado de modelos procesales desde la perspectiva de los ODS. Una mirada a la inteligencia artificial\u201d persigue dar cumplimiento principalmente, si bien sin \u00e1nimo de exclusividad, al decimosexto objetivo de Naciones Unidas (\u201cpromover sociedades, justas, pac\u00edficas e inclusivas\u201d) para alcanzar sistemas procesales m\u00e1s modernos y sostenibles. <img loading=\"lazy\" src=\"https:\/\/procesal-ods-ia.umh.es\/files\/2020\/10\/logo-ODS-16-blanco.png\" alt=\"\" width=\"225\" height=\"225\" class=\"alignnone size-medium wp-image-50\" srcset=\"https:\/\/procesal-ods-ia.umh.es\/files\/2020\/10\/logo-ODS-16-blanco.png 225w, https:\/\/procesal-ods-ia.umh.es\/files\/2020\/10\/logo-ODS-16-blanco-150x150.png 150w\" sizes=\"(max-width: 225px) 100vw, 225px\" \/><\/p>\n<p>-El contenido no refleja necesariamente la opini\u00f3n de la Generalitat Valenciana-<br \/>\n<img loading=\"lazy\" src=\"https:\/\/procesal-ods-ia.umh.es\/files\/2020\/10\/gva-logo-300x141.jpg\" alt=\"\" width=\"300\" height=\"141\" class=\"alignnone size-medium wp-image-53\" srcset=\"https:\/\/procesal-ods-ia.umh.es\/files\/2020\/10\/gva-logo-300x141.jpg 300w, https:\/\/procesal-ods-ia.umh.es\/files\/2020\/10\/gva-logo-768x360.jpg 768w, https:\/\/procesal-ods-ia.umh.es\/files\/2020\/10\/gva-logo.jpg 782w\" sizes=\"(max-width: 300px) 100vw, 300px\" \/><\/p>","protected":false},"excerpt":{"rendered":"<p>P\u00e1gina de presentaci\u00f3n de la unidad organizativa<\/p>\n","protected":false},"author":1,"featured_media":0,"parent":0,"menu_order":30,"comment_status":"closed","ping_status":"closed","template":"","meta":{"_links_to":"","_links_to_target":""},"_links":{"self":[{"href":"https:\/\/procesal-ods-ia.umh.es\/en\/wp-json\/wp\/v2\/pages\/8"}],"collection":[{"href":"https:\/\/procesal-ods-ia.umh.es\/en\/wp-json\/wp\/v2\/pages"}],"about":[{"href":"https:\/\/procesal-ods-ia.umh.es\/en\/wp-json\/wp\/v2\/types\/page"}],"author":[{"embeddable":true,"href":"https:\/\/procesal-ods-ia.umh.es\/en\/wp-json\/wp\/v2\/users\/1"}],"replies":[{"embeddable":true,"href":"https:\/\/procesal-ods-ia.umh.es\/en\/wp-json\/wp\/v2\/comments?post=8"}],"version-history":[{"count":0,"href":"https:\/\/procesal-ods-ia.umh.es\/en\/wp-json\/wp\/v2\/pages\/8\/revisions"}],"wp:attachment":[{"href":"https:\/\/procesal-ods-ia.umh.es\/en\/wp-json\/wp\/v2\/media?parent=8"}],"curies":[{"name":"wp","href":"https:\/\/api.w.org\/{rel}","templated":true}]}}